{"id":1178,"date":"2025-12-11T14:24:23","date_gmt":"2025-12-11T14:24:23","guid":{"rendered":"https:\/\/sculptglowacademy.com\/politica-de-reembolso\/"},"modified":"2026-04-30T19:25:22","modified_gmt":"2026-04-30T19:25:22","slug":"politica-de-reembolso","status":"publish","type":"page","link":"https:\/\/sculptglowacademy.com\/es\/politica-de-reembolso\/","title":{"rendered":"Pol\u00edtica de reembolso"},"content":{"rendered":"\t\t<div data-elementor-type=\"wp-page\" data-elementor-id=\"1178\" class=\"elementor elementor-1178 elementor-30\" data-elementor-post-type=\"page\">\n\t\t\t\t\t\t<section class=\"elementor-section elementor-top-section elementor-element elementor-element-7aa0e01 elementor-section-boxed elementor-section-height-default elementor-section-height-default\" data-id=\"7aa0e01\" data-element_type=\"section\" data-e-type=\"section\">\n\t\t\t\t\t\t<div class=\"elementor-container elementor-column-gap-default\">\n\t\t\t\t\t<div class=\"elementor-column elementor-col-100 elementor-top-column elementor-element elementor-element-49d2225\" data-id=\"49d2225\" data-element_type=\"column\" data-e-type=\"column\">\n\t\t\t<div class=\"elementor-widget-wrap elementor-element-populated\">\n\t\t\t\t\t\t<div class=\"elementor-element elementor-element-6274c85 elementor-widget elementor-widget-heading\" data-id=\"6274c85\" data-element_type=\"widget\" data-e-type=\"widget\" data-widget_type=\"heading.default\">\n\t\t\t\t\t<h2 class=\"elementor-heading-title elementor-size-default\">Pol\u00edtica de reembolso<\/h2>\t\t\t\t<\/div>\n\t\t\t\t<div class=\"elementor-element elementor-element-a2fd135 elementor-widget elementor-widget-text-editor\" data-id=\"a2fd135\" data-element_type=\"widget\" data-e-type=\"widget\" data-widget_type=\"text-editor.default\">\n\t\t\t\t\t\t\t\t\t<p>Esta Pol\u00edtica de Reembolso y Devoluci\u00f3n describe los t\u00e9rminos para todas las compras realizadas a trav\u00e9s de Sculpt &amp; Glow Academy. Al completar su compra, usted reconoce y acepta las siguientes condiciones. <\/p><p><strong>1. Pol\u00edtica de paquetes de m\u00e1quina y curso (no se realizan reembolsos)<\/strong><br>Todas las ventas son definitivas. Debido a la naturaleza de nuestro material educativo y al tipo de equipo que vendemos, no se admiten reembolsos, devoluciones, cambios ni cancelaciones bajo ninguna circunstancia. <\/p><p>Esto se aplica a:<\/p><ul><li>La m\u00e1quina de esculpir el cuerpo<\/li><li>Todos los accesorios, complementos, manuales o herramientas<\/li><li>El programa de formaci\u00f3n en l\u00ednea<\/li><li>Acceso a m\u00f3dulos de cursos, formularios, gu\u00edas o contenido digital.<\/li><\/ul><p>Una vez completada la compra y confirmado el acceso o el pedido, la venta se considera definitiva y no reembolsable.<\/p><p><strong>2. Si bien no ofrecemos reembolsos, respondemos por el estado del equipo.<\/strong><br>Si bien no ofrecemos reembolsos, respondemos por el estado del equipo.<\/p><p>Si su m\u00e1quina llega da\u00f1ada, defectuosa o no funciona, debe notificarlo a Sculpt &amp; Glow Academy dentro de las 72 horas posteriores a la entrega y proporcionar pruebas fotogr\u00e1ficas o de v\u00eddeo claras.<\/p><p>Si se verifica, el equipo ser\u00e1 reemplazado o reparado sin costo alguno.<br>No se realizan reembolsos; el reemplazo es la \u00fanica soluci\u00f3n.<\/p><p><strong>3. Descargo de responsabilidad de garant\u00eda<\/strong><br>A menos que se proporcione o adquiera una garant\u00eda por separado:<\/p><ul><li>El equipo se vende tal cual est\u00e1.<\/li><li>La garant\u00eda se aplica \u00fanicamente a defectos de fabricaci\u00f3n.<\/li><li>El mal uso, la manipulaci\u00f3n incorrecta y las reparaciones no autorizadas no est\u00e1n cubiertas.<\/li><\/ul><p><strong>4. Acuerdo de venta final<\/strong><br>Al realizar el pago, el comprador reconoce y acepta que:<\/p><p>\u2714 No se realizar\u00e1n reembolsos por la m\u00e1quina ni por el programa de capacitaci\u00f3n.<br>\u2714 No se permiten cancelaciones ni devoluciones de cargo.<br>\u2714 La soluci\u00f3n para productos defectuosos es el reemplazo, no el reembolso.<br>\u2714 El acceso a los materiales del curso implica la aceptaci\u00f3n de esta pol\u00edtica.<\/p><p>Antes de inscribirse, los estudiantes deber\u00e1n marcar una casilla que confirme que comprenden y aceptan la Pol\u00edtica de Venta Final y No Reembolso.<\/p>\t\t\t\t\t\t\t\t<\/div>\n\t\t\t\t\t<\/div>\n\t\t<\/div>\n\t\t\t\t\t<\/div>\n\t\t<\/section>\n\t\t\t\t<\/div>\n\t\t","protected":false},"excerpt":{"rendered":"<p>Pol\u00edtica de reembolso Esta Pol\u00edtica de Reembolso y Devoluci\u00f3n describe los t\u00e9rminos para todas las compras realizadas a trav\u00e9s de Sculpt &amp; Glow Academy. Al completar su compra, usted reconoce y acepta las siguientes condiciones. 1. Pol\u00edtica de paquetes de m\u00e1quina y curso (no se realizan reembolsos)Todas las ventas son definitivas. Debido a la naturaleza [&hellip;]<\/p>\n","protected":false},"author":1,"featured_media":0,"parent":0,"menu_order":0,"comment_status":"closed","ping_status":"closed","template":"","meta":{"ocean_post_layout":"full-screen","ocean_both_sidebars_style":"","ocean_both_sidebars_content_width":0,"ocean_both_sidebars_sidebars_width":0,"ocean_sidebar":"","ocean_second_sidebar":"","ocean_disable_margins":"enable","ocean_add_body_class":"","ocean_shortcode_before_top_bar":"","ocean_shortcode_after_top_bar":"","ocean_shortcode_before_header":"","ocean_shortcode_after_header":"","ocean_has_shortcode":"","ocean_shortcode_after_title":"","ocean_shortcode_before_footer_widgets":"","ocean_shortcode_after_footer_widgets":"","ocean_shortcode_before_footer_bottom":"","ocean_shortcode_after_footer_bottom":"","ocean_display_top_bar":"default","ocean_display_header":"default","ocean_header_style":"","ocean_center_header_left_menu":"","ocean_custom_header_template":"","ocean_custom_logo":0,"ocean_custom_retina_logo":0,"ocean_custom_logo_max_width":0,"ocean_custom_logo_tablet_max_width":0,"ocean_custom_logo_mobile_max_width":0,"ocean_custom_logo_max_height":0,"ocean_custom_logo_tablet_max_height":0,"ocean_custom_logo_mobile_max_height":0,"ocean_header_custom_menu":"","ocean_menu_typo_font_family":"","ocean_menu_typo_font_subset":"","ocean_menu_typo_font_size":0,"ocean_menu_typo_font_size_tablet":0,"ocean_menu_typo_font_size_mobile":0,"ocean_menu_typo_font_size_unit":"px","ocean_menu_typo_font_weight":"","ocean_menu_typo_font_weight_tablet":"","ocean_menu_typo_font_weight_mobile":"","ocean_menu_typo_transform":"","ocean_menu_typo_transform_tablet":"","ocean_menu_typo_transform_mobile":"","ocean_menu_typo_line_height":0,"ocean_menu_typo_line_height_tablet":0,"ocean_menu_typo_line_height_mobile":0,"ocean_menu_typo_line_height_unit":"","ocean_menu_typo_spacing":0,"ocean_menu_typo_spacing_tablet":0,"ocean_menu_typo_spacing_mobile":0,"ocean_menu_typo_spacing_unit":"","ocean_menu_link_color":"","ocean_menu_link_color_hover":"","ocean_menu_link_color_active":"","ocean_menu_link_background":"","ocean_menu_link_hover_background":"","ocean_menu_link_active_background":"","ocean_menu_social_links_bg":"","ocean_menu_social_hover_links_bg":"","ocean_menu_social_links_color":"","ocean_menu_social_hover_links_color":"","ocean_disable_title":"default","ocean_disable_heading":"default","ocean_post_title":"","ocean_post_subheading":"","ocean_post_title_style":"","ocean_post_title_background_color":"","ocean_post_title_background":0,"ocean_post_title_bg_image_position":"","ocean_post_title_bg_image_attachment":"","ocean_post_title_bg_image_repeat":"","ocean_post_title_bg_image_size":"","ocean_post_title_height":0,"ocean_post_title_bg_overlay":0.5,"ocean_post_title_bg_overlay_color":"","ocean_disable_breadcrumbs":"default","ocean_breadcrumbs_color":"","ocean_breadcrumbs_separator_color":"","ocean_breadcrumbs_links_color":"","ocean_breadcrumbs_links_hover_color":"","ocean_display_footer_widgets":"default","ocean_display_footer_bottom":"default","ocean_custom_footer_template":"","footnotes":""},"class_list":["post-1178","page","type-page","status-publish","hentry","entry","owp-thumbs-layout-horizontal","owp-btn-normal","owp-tabs-layout-horizontal","has-no-thumbnails"],"_links":{"self":[{"href":"https:\/\/sculptglowacademy.com\/es\/wp-json\/wp\/v2\/pages\/1178","targetHints":{"allow":["GET"]}}],"collection":[{"href":"https:\/\/sculptglowacademy.com\/es\/wp-json\/wp\/v2\/pages"}],"about":[{"href":"https:\/\/sculptglowacademy.com\/es\/wp-json\/wp\/v2\/types\/page"}],"author":[{"embeddable":true,"href":"https:\/\/sculptglowacademy.com\/es\/wp-json\/wp\/v2\/users\/1"}],"replies":[{"embeddable":true,"href":"https:\/\/sculptglowacademy.com\/es\/wp-json\/wp\/v2\/comments?post=1178"}],"version-history":[{"count":1,"href":"https:\/\/sculptglowacademy.com\/es\/wp-json\/wp\/v2\/pages\/1178\/revisions"}],"predecessor-version":[{"id":1179,"href":"https:\/\/sculptglowacademy.com\/es\/wp-json\/wp\/v2\/pages\/1178\/revisions\/1179"}],"wp:attachment":[{"href":"https:\/\/sculptglowacademy.com\/es\/wp-json\/wp\/v2\/media?parent=1178"}],"curies":[{"name":"wp","href":"https:\/\/api.w.org\/{rel}","templated":true}]}}