{"id":1159,"date":"2025-12-11T14:23:15","date_gmt":"2025-12-11T14:23:15","guid":{"rendered":"https:\/\/sculptglowacademy.com\/sobre-nosotros\/"},"modified":"2026-04-30T18:41:56","modified_gmt":"2026-04-30T18:41:56","slug":"sobre-nosotros","status":"publish","type":"page","link":"https:\/\/sculptglowacademy.com\/es\/sobre-nosotros\/","title":{"rendered":"Sobre nosotros"},"content":{"rendered":"\t\t<div data-elementor-type=\"wp-page\" data-elementor-id=\"1159\" class=\"elementor elementor-1159 elementor-27\" data-elementor-post-type=\"page\">\n\t\t\t\t\t\t<section class=\"elementor-section elementor-top-section elementor-element elementor-element-68a7a20 elementor-section-boxed elementor-section-height-default elementor-section-height-default\" data-id=\"68a7a20\" data-element_type=\"section\" data-e-type=\"section\">\n\t\t\t\t\t\t<div class=\"elementor-container elementor-column-gap-default\">\n\t\t\t\t\t<div class=\"elementor-column elementor-col-100 elementor-top-column elementor-element elementor-element-cec04ab\" data-id=\"cec04ab\" data-element_type=\"column\" data-e-type=\"column\">\n\t\t\t<div class=\"elementor-widget-wrap elementor-element-populated\">\n\t\t\t\t\t\t<div class=\"elementor-element elementor-element-b9f432d elementor-widget elementor-widget-heading\" data-id=\"b9f432d\" data-element_type=\"widget\" data-e-type=\"widget\" data-widget_type=\"heading.default\">\n\t\t\t\t\t<h2 class=\"elementor-heading-title elementor-size-default\">Empoderando a futuros profesionales de la escultura corporal<\/h2>\t\t\t\t<\/div>\n\t\t\t\t<div class=\"elementor-element elementor-element-f7a6502 elementor-widget elementor-widget-heading\" data-id=\"f7a6502\" data-element_type=\"widget\" data-e-type=\"widget\" data-widget_type=\"heading.default\">\n\t\t\t\t\t<h2 class=\"elementor-heading-title elementor-size-default\">Sobre Sculpt &amp; Glow Academy<\/h2>\t\t\t\t<\/div>\n\t\t\t\t<div class=\"elementor-element elementor-element-0549645 elementor-widget elementor-widget-heading\" data-id=\"0549645\" data-element_type=\"widget\" data-e-type=\"widget\" data-widget_type=\"heading.default\">\n\t\t\t\t\t<h2 class=\"elementor-heading-title elementor-size-default\">Nuestra misi\u00f3n<\/h2>\t\t\t\t<\/div>\n\t\t\t\t<div class=\"elementor-element elementor-element-b428ae5 elementor-widget elementor-widget-text-editor\" data-id=\"b428ae5\" data-element_type=\"widget\" data-e-type=\"widget\" data-widget_type=\"text-editor.default\">\n\t\t\t\t\t\t\t\t\t<p>En Sculpt &amp; Glow Academy, nuestra misi\u00f3n es empoderar a los aspirantes a especialistas en contorno corporal mediante una educaci\u00f3n de alta calidad y un entorno de aprendizaje de apoyo. Estamos comprometidos a ofrecer t\u00e9cnicas no invasivas seguras, \u00e9ticas y efectivas que ayuden a nuestros estudiantes a desarrollar confianza, habilidades y \u00e9xito a largo plazo en la industria de la belleza y el bienestar.<\/p>\t\t\t\t\t\t\t\t<\/div>\n\t\t\t\t<div class=\"elementor-element elementor-element-84fec50 elementor-widget elementor-widget-heading\" data-id=\"84fec50\" data-element_type=\"widget\" data-e-type=\"widget\" data-widget_type=\"heading.default\">\n\t\t\t\t\t<h2 class=\"elementor-heading-title elementor-size-default\">Nuestros valores fundamentales<\/h2>\t\t\t\t<\/div>\n\t\t\t\t<div class=\"elementor-element elementor-element-c69bdc2 elementor-widget elementor-widget-text-editor\" data-id=\"c69bdc2\" data-element_type=\"widget\" data-e-type=\"widget\" data-widget_type=\"text-editor.default\">\n\t\t\t\t\t\t\t\t\t<ul><li><strong>Excelencia<\/strong>: proporcionamos el m\u00e1s alto nivel de educaci\u00f3n y profesionalismo.<\/li><li><strong>Profesionalismo<\/strong>: mantenemos pr\u00e1cticas estructuradas, respetuosas y responsables.<\/li><li><strong>Empoderamiento<\/strong>: ayudamos a los estudiantes a crecer, brillar y prosperar.<\/li><li><strong>Integridad<\/strong>: promovemos la honestidad, la transparencia y la pr\u00e1ctica \u00e9tica.<\/li><li><strong>Seguridad<\/strong>: enfatizamos el saneamiento adecuado, las contraindicaciones y las t\u00e9cnicas seguras.<\/li><li><strong>Confianza<\/strong>: preparamos a los estudiantes para que den el paso hacia sus carreras con seguridad.<\/li><\/ul>\t\t\t\t\t\t\t\t<\/div>\n\t\t\t\t<div class=\"elementor-element elementor-element-9712c75 elementor-widget elementor-widget-heading\" data-id=\"9712c75\" data-element_type=\"widget\" data-e-type=\"widget\" data-widget_type=\"heading.default\">\n\t\t\t\t\t<h2 class=\"elementor-heading-title elementor-size-default\">Por qu\u00e9 la escultura corporal est\u00e1 en crecimiento<\/h2>\t\t\t\t<\/div>\n\t\t\t\t<div class=\"elementor-element elementor-element-24bc767 elementor-widget elementor-widget-text-editor\" data-id=\"24bc767\" data-element_type=\"widget\" data-e-type=\"widget\" data-widget_type=\"text-editor.default\">\n\t\t\t\t\t\t\t\t\t<p>La industria del modelado corporal no invasivo se est\u00e1 expandiendo r\u00e1pidamente a medida que m\u00e1s personas eligen formas eficaces y sin cirug\u00eda de dar forma a su cuerpo, tensar la piel y aumentar su confianza. Con una demanda de mercado que aumenta a\u00f1o tras a\u00f1o y clientes que buscan activamente profesionales formados, ahora es el momento perfecto para entrar en este campo.<\/p><p>Los profesionales de este sector ganan entre 75 $ y m\u00e1s de 350 $ por sesi\u00f3n, y muchos clientes adquieren paquetes de varias sesiones. A medida que aumenta la demanda de los consumidores, los especialistas formados en modelado corporal reservan clientes de forma constante y obtienen la flexibilidad necesaria para trabajar desde casa, alquilar una cabina o abrir sus propios estudios.<\/p>\t\t\t\t\t\t\t\t<\/div>\n\t\t\t\t<div class=\"elementor-element elementor-element-930ad87 elementor-widget elementor-widget-heading\" data-id=\"930ad87\" data-element_type=\"widget\" data-e-type=\"widget\" data-widget_type=\"heading.default\">\n\t\t\t\t\t<h2 class=\"elementor-heading-title elementor-size-default\">Qu\u00e9 hace que nuestra formaci\u00f3n sea \u00fanica<\/h2>\t\t\t\t<\/div>\n\t\t\t\t<div class=\"elementor-element elementor-element-897f895 elementor-widget elementor-widget-text-editor\" data-id=\"897f895\" data-element_type=\"widget\" data-e-type=\"widget\" data-widget_type=\"text-editor.default\">\n\t\t\t\t\t\t\t\t\t<p>Nuestro programa ofrece una educaci\u00f3n basada en la ciencia que prepara a los estudiantes para tratar a los clientes con confianza y \u00e9xito. El curso cubre la teor\u00eda, las t\u00e9cnicas, los protocolos, la seguridad y una gu\u00eda paso a paso para el contorno corporal no invasivo. Los estudiantes aprenden a manejar equipos profesionales, a comprender las contraindicaciones y a realizar tratamientos eficaces.<\/p><p>Tambi\u00e9n incluimos documentaci\u00f3n, estrategias de creaci\u00f3n de empresas, orientaci\u00f3n sobre precios, apoyo en branding y marketing, formularios de consentimiento, formularios de admisi\u00f3n y certificaci\u00f3n al finalizar, lo que proporciona a los estudiantes las herramientas necesarias para poner en marcha su negocio de modelado de inmediato.<\/p>\t\t\t\t\t\t\t\t<\/div>\n\t\t\t\t<div class=\"elementor-element elementor-element-c5c39a0 elementor-widget elementor-widget-heading\" data-id=\"c5c39a0\" data-element_type=\"widget\" data-e-type=\"widget\" data-widget_type=\"heading.default\">\n\t\t\t\t\t<h2 class=\"elementor-heading-title elementor-size-default\">Nuestra acreditaci\u00f3n<\/h2>\t\t\t\t<\/div>\n\t\t\t\t<div class=\"elementor-element elementor-element-e96b661 elementor-widget elementor-widget-text-editor\" data-id=\"e96b661\" data-element_type=\"widget\" data-e-type=\"widget\" data-widget_type=\"text-editor.default\">\n\t\t\t\t\t\t\t\t\t<p>Sculpt &amp; Glow Academy se enorgullece de ser un proveedor de Desarrollo Profesional Continuo (CPD) acreditado internacionalmente. Nuestros programas han sido revisados de forma independiente para garantizar que cumplen los est\u00e1ndares reconocidos de educaci\u00f3n profesional, estructura y calidad.<\/p><p>La acreditaci\u00f3n significa que nuestros cursos no son simplemente informativos: son formaciones estructuradas y orientadas a resultados, dise\u00f1adas para apoyar el crecimiento profesional real en la industria de la belleza y la est\u00e9tica.<\/p><p>Nuestro plan de estudios incluye objetivos de aprendizaje claramente definidos, horas de formaci\u00f3n verificadas y resultados educativos medibles. Cada m\u00f3dulo est\u00e1 dise\u00f1ado con un prop\u00f3sito, garantizando que los estudiantes reciban una instrucci\u00f3n cre\u00edble y de alta calidad que se alinee con los est\u00e1ndares de desarrollo profesional.<\/p>\t\t\t\t\t\t\t\t<\/div>\n\t\t\t\t<div class=\"elementor-element elementor-element-7ebbfa0 elementor-widget elementor-widget-heading\" data-id=\"7ebbfa0\" data-element_type=\"widget\" data-e-type=\"widget\" data-widget_type=\"heading.default\">\n\t\t\t\t\t<h2 class=\"elementor-heading-title elementor-size-default\">Por qu\u00e9 es importante la acreditaci\u00f3n<\/h2>\t\t\t\t<\/div>\n\t\t\t\t<div class=\"elementor-element elementor-element-8cf6f29 elementor-widget elementor-widget-text-editor\" data-id=\"8cf6f29\" data-element_type=\"widget\" data-e-type=\"widget\" data-widget_type=\"text-editor.default\">\n\t\t\t\t\t\t\t\t\t<p>Elegir una academia acreditada aporta confianza y credibilidad.<\/p><p>Cuando te formas con un proveedor acreditado:<\/p><ul><li>Tu educaci\u00f3n cumple con los est\u00e1ndares profesionales reconocidos<\/li><li>Tus horas de formaci\u00f3n est\u00e1n estructuradas y verificadas<\/li><li>Tu material de estudio ha sido revisado de forma independiente para garantizar su calidad<\/li><li>Tu certificado refleja un desarrollo profesional continuo y formal<\/li><li>Tus credenciales tienen un mayor peso profesional<\/li><\/ul><p>En una industria competitiva, la acreditaci\u00f3n te diferencia.<\/p>\t\t\t\t\t\t\t\t<\/div>\n\t\t\t\t<div class=\"elementor-element elementor-element-1abe0ce elementor-widget elementor-widget-heading\" data-id=\"1abe0ce\" data-element_type=\"widget\" data-e-type=\"widget\" data-widget_type=\"heading.default\">\n\t\t\t\t\t<h2 class=\"elementor-heading-title elementor-size-default\">El valor de un certificado acreditado<\/h2>\t\t\t\t<\/div>\n\t\t\t\t<div class=\"elementor-element elementor-element-f617b42 elementor-widget elementor-widget-text-editor\" data-id=\"f617b42\" data-element_type=\"widget\" data-e-type=\"widget\" data-widget_type=\"text-editor.default\">\n\t\t\t\t\t\t\t\t\t<p>Al finalizar, tu certificado indica que has obtenido tu formaci\u00f3n a trav\u00e9s de un proveedor acreditado. Esta distinci\u00f3n es importante.<\/p><p>Un certificado acreditado demuestra que:<\/p><ul><li>Tu educaci\u00f3n se complet\u00f3 a trav\u00e9s de una instituci\u00f3n reconocida<\/li><li>Tu formaci\u00f3n sigui\u00f3 est\u00e1ndares estructurados y verificados<\/li><li>Tus conocimientos y habilidades se desarrollaron mediante un plan de estudios revisado profesionalmente<\/li><li>Invertiste en una educaci\u00f3n cre\u00edble y de calidad<\/li><\/ul><p>Para clientes, empleadores, colaboradores y futuras oportunidades de negocio, la acreditaci\u00f3n es se\u00f1al de profesionalismo, legitimidad y compromiso con la excelencia.<\/p>\t\t\t\t\t\t\t\t<\/div>\n\t\t\t\t<div class=\"elementor-element elementor-element-a00a83d elementor-widget elementor-widget-heading\" data-id=\"a00a83d\" data-element_type=\"widget\" data-e-type=\"widget\" data-widget_type=\"heading.default\">\n\t\t\t\t\t<h2 class=\"elementor-heading-title elementor-size-default\">Tu futuro empieza aqu\u00ed<\/h2>\t\t\t\t<\/div>\n\t\t\t\t<div class=\"elementor-element elementor-element-18e14fb elementor-widget elementor-widget-text-editor\" data-id=\"18e14fb\" data-element_type=\"widget\" data-e-type=\"widget\" data-widget_type=\"text-editor.default\">\n\t\t\t\t\t\t\t\t\t<p>Tanto si buscas un trabajo flexible, independencia financiera o una nueva carrera en el sector de la belleza, Sculpt &amp; Glow Academy te proporciona los conocimientos, las herramientas y el apoyo que necesitas para triunfar.<\/p>\t\t\t\t\t\t\t\t<\/div>\n\t\t\t\t\t<\/div>\n\t\t<\/div>\n\t\t\t\t\t<\/div>\n\t\t<\/section>\n\t\t\t\t<\/div>\n\t\t","protected":false},"excerpt":{"rendered":"<p>Empoderando a futuros profesionales de la escultura corporal Sobre Sculpt &amp; Glow Academy Nuestra misi\u00f3n En Sculpt &amp; Glow Academy, nuestra misi\u00f3n es empoderar a los aspirantes a especialistas en contorno corporal mediante una educaci\u00f3n de alta calidad y un entorno de aprendizaje de apoyo. Estamos comprometidos a ofrecer t\u00e9cnicas no invasivas seguras, \u00e9ticas y [&hellip;]<\/p>\n","protected":false},"author":1,"featured_media":0,"parent":0,"menu_order":0,"comment_status":"closed","ping_status":"closed","template":"","meta":{"ocean_post_layout":"full-screen","ocean_both_sidebars_style":"","ocean_both_sidebars_content_width":0,"ocean_both_sidebars_sidebars_width":0,"ocean_sidebar":"","ocean_second_sidebar":"","ocean_disable_margins":"enable","ocean_add_body_class":"","ocean_shortcode_before_top_bar":"","ocean_shortcode_after_top_bar":"","ocean_shortcode_before_header":"","ocean_shortcode_after_header":"","ocean_has_shortcode":"","ocean_shortcode_after_title":"","ocean_shortcode_before_footer_widgets":"","ocean_shortcode_after_footer_widgets":"","ocean_shortcode_before_footer_bottom":"","ocean_shortcode_after_footer_bottom":"","ocean_display_top_bar":"default","ocean_display_header":"default","ocean_header_style":"","ocean_center_header_left_menu":"","ocean_custom_header_template":"","ocean_custom_logo":0,"ocean_custom_retina_logo":0,"ocean_custom_logo_max_width":0,"ocean_custom_logo_tablet_max_width":0,"ocean_custom_logo_mobile_max_width":0,"ocean_custom_logo_max_height":0,"ocean_custom_logo_tablet_max_height":0,"ocean_custom_logo_mobile_max_height":0,"ocean_header_custom_menu":"","ocean_menu_typo_font_family":"","ocean_menu_typo_font_subset":"","ocean_menu_typo_font_size":0,"ocean_menu_typo_font_size_tablet":0,"ocean_menu_typo_font_size_mobile":0,"ocean_menu_typo_font_size_unit":"px","ocean_menu_typo_font_weight":"","ocean_menu_typo_font_weight_tablet":"","ocean_menu_typo_font_weight_mobile":"","ocean_menu_typo_transform":"","ocean_menu_typo_transform_tablet":"","ocean_menu_typo_transform_mobile":"","ocean_menu_typo_line_height":0,"ocean_menu_typo_line_height_tablet":0,"ocean_menu_typo_line_height_mobile":0,"ocean_menu_typo_line_height_unit":"","ocean_menu_typo_spacing":0,"ocean_menu_typo_spacing_tablet":0,"ocean_menu_typo_spacing_mobile":0,"ocean_menu_typo_spacing_unit":"","ocean_menu_link_color":"","ocean_menu_link_color_hover":"","ocean_menu_link_color_active":"","ocean_menu_link_background":"","ocean_menu_link_hover_background":"","ocean_menu_link_active_background":"","ocean_menu_social_links_bg":"","ocean_menu_social_hover_links_bg":"","ocean_menu_social_links_color":"","ocean_menu_social_hover_links_color":"","ocean_disable_title":"default","ocean_disable_heading":"default","ocean_post_title":"","ocean_post_subheading":"","ocean_post_title_style":"","ocean_post_title_background_color":"","ocean_post_title_background":0,"ocean_post_title_bg_image_position":"","ocean_post_title_bg_image_attachment":"","ocean_post_title_bg_image_repeat":"","ocean_post_title_bg_image_size":"","ocean_post_title_height":0,"ocean_post_title_bg_overlay":0.5,"ocean_post_title_bg_overlay_color":"","ocean_disable_breadcrumbs":"default","ocean_breadcrumbs_color":"","ocean_breadcrumbs_separator_color":"","ocean_breadcrumbs_links_color":"","ocean_breadcrumbs_links_hover_color":"","ocean_display_footer_widgets":"default","ocean_display_footer_bottom":"default","ocean_custom_footer_template":"","footnotes":""},"class_list":["post-1159","page","type-page","status-publish","hentry","entry","owp-thumbs-layout-horizontal","owp-btn-normal","owp-tabs-layout-horizontal","has-no-thumbnails"],"_links":{"self":[{"href":"https:\/\/sculptglowacademy.com\/es\/wp-json\/wp\/v2\/pages\/1159","targetHints":{"allow":["GET"]}}],"collection":[{"href":"https:\/\/sculptglowacademy.com\/es\/wp-json\/wp\/v2\/pages"}],"about":[{"href":"https:\/\/sculptglowacademy.com\/es\/wp-json\/wp\/v2\/types\/page"}],"author":[{"embeddable":true,"href":"https:\/\/sculptglowacademy.com\/es\/wp-json\/wp\/v2\/users\/1"}],"replies":[{"embeddable":true,"href":"https:\/\/sculptglowacademy.com\/es\/wp-json\/wp\/v2\/comments?post=1159"}],"version-history":[{"count":1,"href":"https:\/\/sculptglowacademy.com\/es\/wp-json\/wp\/v2\/pages\/1159\/revisions"}],"predecessor-version":[{"id":1160,"href":"https:\/\/sculptglowacademy.com\/es\/wp-json\/wp\/v2\/pages\/1159\/revisions\/1160"}],"wp:attachment":[{"href":"https:\/\/sculptglowacademy.com\/es\/wp-json\/wp\/v2\/media?parent=1159"}],"curies":[{"name":"wp","href":"https:\/\/api.w.org\/{rel}","templated":true}]}}